{"id":285,"date":"2025-03-14T12:01:47","date_gmt":"2025-03-14T12:01:47","guid":{"rendered":"https:\/\/victoriaovin.com\/?page_id=285"},"modified":"2025-03-16T12:12:21","modified_gmt":"2025-03-16T12:12:21","slug":"politica-de-cookies","status":"publish","type":"page","link":"https:\/\/victoriaovin.com\/en\/politica-de-cookies\/","title":{"rendered":"Pol\u00edtica de cookies"},"content":{"rendered":"<style>.wp-block-kadence-advancedheading.kt-adv-heading285_00e0c5-6a, .wp-block-kadence-advancedheading.kt-adv-heading285_00e0c5-6a[data-kb-block=\"kb-adv-heading285_00e0c5-6a\"]{text-align:left;font-size:101px;font-weight:400;font-style:normal;font-family:'Tenor Sans';color:#173533;}.wp-block-kadence-advancedheading.kt-adv-heading285_00e0c5-6a mark.kt-highlight, .wp-block-kadence-advancedheading.kt-adv-heading285_00e0c5-6a[data-kb-block=\"kb-adv-heading285_00e0c5-6a\"] mark.kt-highlight{font-style:normal;color:#f76a0c;-webkit-box-decoration-break:clone;box-decoration-break:clone;padding-top:0px;padding-right:0px;padding-bottom:0px;padding-left:0px;}.wp-block-kadence-advancedheading.kt-adv-heading285_00e0c5-6a img.kb-inline-image, .wp-block-kadence-advancedheading.kt-adv-heading285_00e0c5-6a[data-kb-block=\"kb-adv-heading285_00e0c5-6a\"] img.kb-inline-image{width:150px;vertical-align:baseline;}<\/style>\n<p class=\"kt-adv-heading285_00e0c5-6a wp-block-kadence-advancedheading\" data-kb-block=\"kb-adv-heading285_00e0c5-6a\">POL\u00cdTICA DE COOKIES<\/p>\n\n\n<style>.kb-row-layout-wrap.wp-block-kadence-rowlayout.kb-row-layout-id285_ceb3d4-71{margin-bottom:0px;}.kb-row-layout-id285_ceb3d4-71 > .kt-row-column-wrap{align-content:start;}:where(.kb-row-layout-id285_ceb3d4-71 > .kt-row-column-wrap) > .wp-block-kadence-column{justify-content:start;}.kb-row-layout-id285_ceb3d4-71 > .kt-row-column-wrap{column-gap:var(--global-kb-gap-md, 2rem);row-gap:var(--global-kb-gap-md, 2rem);max-width:1200px;padding-top:var(--global-kb-spacing-sm, 1.5rem);padding-bottom:var(--global-kb-spacing-sm, 1.5rem);grid-template-columns:minmax(0, 1fr);}.kb-row-layout-id285_ceb3d4-71 > .kt-row-layout-overlay{opacity:0.30;}@media all and (max-width: 1024px){.kb-row-layout-id285_ceb3d4-71 > .kt-row-column-wrap{grid-template-columns:minmax(0, 1fr);}}@media all and (max-width: 767px){.kb-row-layout-id285_ceb3d4-71 > .kt-row-column-wrap{grid-template-columns:minmax(0, 1fr);}}<\/style><div class=\"kb-row-layout-wrap kb-row-layout-id285_ceb3d4-71 alignnone wp-block-kadence-rowlayout\"><div class=\"kt-row-column-wrap kt-has-1-columns kt-row-layout-equal kt-tab-layout-inherit kt-mobile-layout-row kt-row-valign-top kb-theme-content-width\">\n<style>.kadence-column285_5e3b36-0e > .kt-inside-inner-col,.kadence-column285_5e3b36-0e > .kt-inside-inner-col:before{border-top-left-radius:0px;border-top-right-radius:0px;border-bottom-right-radius:0px;border-bottom-left-radius:0px;}.kadence-column285_5e3b36-0e > .kt-inside-inner-col{column-gap:var(--global-kb-gap-sm, 1rem);}.kadence-column285_5e3b36-0e > .kt-inside-inner-col{flex-direction:column;}.kadence-column285_5e3b36-0e > .kt-inside-inner-col > .aligncenter{width:100%;}.kadence-column285_5e3b36-0e > .kt-inside-inner-col:before{opacity:0.3;}.kadence-column285_5e3b36-0e{position:relative;}@media all and (max-width: 1024px){.kadence-column285_5e3b36-0e > .kt-inside-inner-col{flex-direction:column;justify-content:center;}}@media all and (max-width: 767px){.kadence-column285_5e3b36-0e > .kt-inside-inner-col{flex-direction:column;justify-content:center;}}<\/style>\n<div class=\"wp-block-kadence-column kadence-column285_5e3b36-0e\"><div class=\"kt-inside-inner-col\"><style>.kt-accordion-id285_8e99ab-ff .kt-accordion-inner-wrap{column-gap:var(--global-kb-gap-md, 2rem);row-gap:8px;}.kt-accordion-id285_8e99ab-ff .kt-accordion-panel-inner{border-top:0px solid transparent;border-right:0px solid transparent;border-bottom:0px solid transparent;border-left:0px solid transparent;background:#f0eeed;padding-top:var(--global-kb-spacing-sm, 1.5rem);padding-right:var(--global-kb-spacing-sm, 1.5rem);padding-bottom:var(--global-kb-spacing-sm, 1.5rem);padding-left:var(--global-kb-spacing-sm, 1.5rem);}.kt-accordion-id285_8e99ab-ff > .kt-accordion-inner-wrap > .wp-block-kadence-pane > .kt-accordion-header-wrap > .kt-blocks-accordion-header{border-top:0px solid #f2f2f2;border-right:0px solid #f2f2f2;border-bottom:4px solid #f2f2f2;border-left:0px solid #f2f2f2;border-top-left-radius:0px;border-top-right-radius:0px;border-bottom-right-radius:0px;border-bottom-left-radius:0px;background:#f0eeed;font-size:var(--global-kb-font-size-xl, 3rem);font-family:Inter;font-weight:200;color:#444444;padding-top:14px;padding-right:10px;padding-bottom:68px;padding-left:16px;}.kt-accordion-id285_8e99ab-ff:not( .kt-accodion-icon-style-basiccircle ):not( .kt-accodion-icon-style-xclosecircle ):not( .kt-accodion-icon-style-arrowcircle )  > .kt-accordion-inner-wrap > .wp-block-kadence-pane > .kt-accordion-header-wrap .kt-blocks-accordion-icon-trigger:after, .kt-accordion-id285_8e99ab-ff:not( .kt-accodion-icon-style-basiccircle ):not( .kt-accodion-icon-style-xclosecircle ):not( .kt-accodion-icon-style-arrowcircle )  > .kt-accordion-inner-wrap > .wp-block-kadence-pane > .kt-accordion-header-wrap .kt-blocks-accordion-icon-trigger:before{background:#005a59;}.kt-accordion-id285_8e99ab-ff:not( .kt-accodion-icon-style-basic ):not( .kt-accodion-icon-style-xclose ):not( .kt-accodion-icon-style-arrow ) .kt-blocks-accordion-icon-trigger{background:#005a59;}.kt-accordion-id285_8e99ab-ff:not( .kt-accodion-icon-style-basic ):not( .kt-accodion-icon-style-xclose ):not( .kt-accodion-icon-style-arrow ) .kt-blocks-accordion-icon-trigger:after, .kt-accordion-id285_8e99ab-ff:not( .kt-accodion-icon-style-basic ):not( .kt-accodion-icon-style-xclose ):not( .kt-accodion-icon-style-arrow ) .kt-blocks-accordion-icon-trigger:before{background:#f0eeed;}.kt-accordion-id285_8e99ab-ff > .kt-accordion-inner-wrap > .wp-block-kadence-pane > .kt-accordion-header-wrap > .kt-blocks-accordion-header:hover, \n\t\t\t\tbody:not(.hide-focus-outline) .kt-accordion-id285_8e99ab-ff .kt-blocks-accordion-header:focus-visible{color:#444444;background:#f1eeed;border-top-color:#eeeeee;border-top-style:solid;border-right-color:#eeeeee;border-right-style:solid;border-bottom-color:#eeeeee;border-bottom-style:solid;border-left-color:#eeeeee;border-left-style:solid;}.kt-accordion-id285_8e99ab-ff:not( .kt-accodion-icon-style-basiccircle ):not( .kt-accodion-icon-style-xclosecircle ):not( .kt-accodion-icon-style-arrowcircle ) .kt-accordion-header-wrap .kt-blocks-accordion-header:hover .kt-blocks-accordion-icon-trigger:after, .kt-accordion-id285_8e99ab-ff:not( .kt-accodion-icon-style-basiccircle ):not( .kt-accodion-icon-style-xclosecircle ):not( .kt-accodion-icon-style-arrowcircle ) .kt-accordion-header-wrap .kt-blocks-accordion-header:hover .kt-blocks-accordion-icon-trigger:before, body:not(.hide-focus-outline) .kt-accordion-id285_8e99ab-ff:not( .kt-accodion-icon-style-basiccircle ):not( .kt-accodion-icon-style-xclosecircle ):not( .kt-accodion-icon-style-arrowcircle ) .kt-blocks-accordion--visible .kt-blocks-accordion-icon-trigger:after, body:not(.hide-focus-outline) .kt-accordion-id285_8e99ab-ff:not( .kt-accodion-icon-style-basiccircle ):not( .kt-accodion-icon-style-xclosecircle ):not( .kt-accodion-icon-style-arrowcircle ) .kt-blocks-accordion-header:focus-visible .kt-blocks-accordion-icon-trigger:before{background:#005a59;}.kt-accordion-id285_8e99ab-ff:not( .kt-accodion-icon-style-basic ):not( .kt-accodion-icon-style-xclose ):not( .kt-accodion-icon-style-arrow ) .kt-accordion-header-wrap .kt-blocks-accordion-header:hover .kt-blocks-accordion-icon-trigger, body:not(.hide-focus-outline) .kt-accordion-id285_8e99ab-ff:not( .kt-accodion-icon-style-basic ):not( .kt-accodion-icon-style-xclose ):not( .kt-accodion-icon-style-arrow ) .kt-accordion-header-wrap .kt-blocks-accordion-header:focus-visible .kt-blocks-accordion-icon-trigger{background:#005a59;}.kt-accordion-id285_8e99ab-ff:not( .kt-accodion-icon-style-basic ):not( .kt-accodion-icon-style-xclose ):not( .kt-accodion-icon-style-arrow ) .kt-accordion-header-wrap .kt-blocks-accordion-header:hover .kt-blocks-accordion-icon-trigger:after, .kt-accordion-id285_8e99ab-ff:not( .kt-accodion-icon-style-basic ):not( .kt-accodion-icon-style-xclose ):not( .kt-accodion-icon-style-arrow ) .kt-accordion-header-wrap .kt-blocks-accordion-header:hover .kt-blocks-accordion-icon-trigger:before, body:not(.hide-focus-outline) .kt-accordion-id285_8e99ab-ff:not( .kt-accodion-icon-style-basic ):not( .kt-accodion-icon-style-xclose ):not( .kt-accodion-icon-style-arrow ) .kt-accordion-header-wrap .kt-blocks-accordion-header:focus-visible .kt-blocks-accordion-icon-trigger:after, body:not(.hide-focus-outline) .kt-accordion-id285_8e99ab-ff:not( .kt-accodion-icon-style-basic ):not( .kt-accodion-icon-style-xclose ):not( .kt-accodion-icon-style-arrow ) .kt-accordion-header-wrap .kt-blocks-accordion-header:focus-visible .kt-blocks-accordion-icon-trigger:before{background:#f1eeed;}.kt-accordion-id285_8e99ab-ff .kt-accordion-header-wrap .kt-blocks-accordion-header:focus-visible,\n\t\t\t\t.kt-accordion-id285_8e99ab-ff > .kt-accordion-inner-wrap > .wp-block-kadence-pane > .kt-accordion-header-wrap > .kt-blocks-accordion-header.kt-accordion-panel-active{color:#333333;background:#f1eeed;border-top-color:#005a59;border-top-style:solid;border-right-color:#005a59;border-right-style:solid;border-bottom-color:#005a59;border-bottom-style:solid;border-left-color:#005a59;border-left-style:solid;}.kt-accordion-id285_8e99ab-ff:not( .kt-accodion-icon-style-basiccircle ):not( .kt-accodion-icon-style-xclosecircle ):not( .kt-accodion-icon-style-arrowcircle )  > .kt-accordion-inner-wrap > .wp-block-kadence-pane > .kt-accordion-header-wrap > .kt-blocks-accordion-header.kt-accordion-panel-active .kt-blocks-accordion-icon-trigger:after, .kt-accordion-id285_8e99ab-ff:not( .kt-accodion-icon-style-basiccircle ):not( .kt-accodion-icon-style-xclosecircle ):not( .kt-accodion-icon-style-arrowcircle )  > .kt-accordion-inner-wrap > .wp-block-kadence-pane > .kt-accordion-header-wrap > .kt-blocks-accordion-header.kt-accordion-panel-active .kt-blocks-accordion-icon-trigger:before{background:#005a59;}.kt-accordion-id285_8e99ab-ff:not( .kt-accodion-icon-style-basic ):not( .kt-accodion-icon-style-xclose ):not( .kt-accodion-icon-style-arrow ) .kt-blocks-accordion-header.kt-accordion-panel-active .kt-blocks-accordion-icon-trigger{background:#005a59;}.kt-accordion-id285_8e99ab-ff:not( .kt-accodion-icon-style-basic ):not( .kt-accodion-icon-style-xclose ):not( .kt-accodion-icon-style-arrow ) .kt-blocks-accordion-header.kt-accordion-panel-active .kt-blocks-accordion-icon-trigger:after, .kt-accordion-id285_8e99ab-ff:not( .kt-accodion-icon-style-basic ):not( .kt-accodion-icon-style-xclose ):not( .kt-accodion-icon-style-arrow ) .kt-blocks-accordion-header.kt-accordion-panel-active .kt-blocks-accordion-icon-trigger:before{background:#f1eeed;}@media all and (max-width: 1024px){.kt-accordion-id285_8e99ab-ff .kt-accordion-panel-inner{border-top:0px solid transparent;border-right:0px solid transparent;border-bottom:0px solid transparent;border-left:0px solid transparent;}}@media all and (max-width: 1024px){.kt-accordion-id285_8e99ab-ff > .kt-accordion-inner-wrap > .wp-block-kadence-pane > .kt-accordion-header-wrap > .kt-blocks-accordion-header{border-top:0px solid #f2f2f2;border-right:0px solid #f2f2f2;border-bottom:4px solid #f2f2f2;border-left:0px solid #f2f2f2;}}@media all and (max-width: 1024px){.kt-accordion-id285_8e99ab-ff > .kt-accordion-inner-wrap > .wp-block-kadence-pane > .kt-accordion-header-wrap > .kt-blocks-accordion-header:hover, \n\t\t\t\tbody:not(.hide-focus-outline) .kt-accordion-id285_8e99ab-ff .kt-blocks-accordion-header:focus-visible{border-top-color:#eeeeee;border-top-style:solid;border-right-color:#eeeeee;border-right-style:solid;border-bottom-color:#eeeeee;border-bottom-style:solid;border-left-color:#eeeeee;border-left-style:solid;}}@media all and (max-width: 1024px){.kt-accordion-id285_8e99ab-ff .kt-accordion-header-wrap .kt-blocks-accordion-header:focus-visible,\n\t\t\t\t.kt-accordion-id285_8e99ab-ff > .kt-accordion-inner-wrap > .wp-block-kadence-pane > .kt-accordion-header-wrap > .kt-blocks-accordion-header.kt-accordion-panel-active{border-top-color:#005a59;border-top-style:solid;border-right-color:#005a59;border-right-style:solid;border-bottom-color:#005a59;border-bottom-style:solid;border-left-color:#005a59;border-left-style:solid;}}@media all and (max-width: 767px){.kt-accordion-id285_8e99ab-ff .kt-accordion-inner-wrap{display:block;}.kt-accordion-id285_8e99ab-ff .kt-accordion-inner-wrap .kt-accordion-pane:not(:first-child){margin-top:8px;}.kt-accordion-id285_8e99ab-ff .kt-accordion-panel-inner{border-top:0px solid transparent;border-right:0px solid transparent;border-bottom:0px solid transparent;border-left:0px solid transparent;}.kt-accordion-id285_8e99ab-ff > .kt-accordion-inner-wrap > .wp-block-kadence-pane > .kt-accordion-header-wrap > .kt-blocks-accordion-header{border-top:0px solid #f2f2f2;border-right:0px solid #f2f2f2;border-bottom:4px solid #f2f2f2;border-left:0px solid #f2f2f2;}.kt-accordion-id285_8e99ab-ff > .kt-accordion-inner-wrap > .wp-block-kadence-pane > .kt-accordion-header-wrap > .kt-blocks-accordion-header:hover, \n\t\t\t\tbody:not(.hide-focus-outline) .kt-accordion-id285_8e99ab-ff .kt-blocks-accordion-header:focus-visible{border-top-color:#eeeeee;border-top-style:solid;border-right-color:#eeeeee;border-right-style:solid;border-bottom-color:#eeeeee;border-bottom-style:solid;border-left-color:#eeeeee;border-left-style:solid;}.kt-accordion-id285_8e99ab-ff .kt-accordion-header-wrap .kt-blocks-accordion-header:focus-visible,\n\t\t\t\t.kt-accordion-id285_8e99ab-ff > .kt-accordion-inner-wrap > .wp-block-kadence-pane > .kt-accordion-header-wrap > .kt-blocks-accordion-header.kt-accordion-panel-active{border-top-color:#005a59;border-top-style:solid;border-right-color:#005a59;border-right-style:solid;border-bottom-color:#005a59;border-bottom-style:solid;border-left-color:#005a59;border-left-style:solid;}}<\/style>\n<div class=\"wp-block-kadence-accordion alignnone\"><div class=\"kt-accordion-wrap kt-accordion-id285_8e99ab-ff kt-accordion-has-5-panes kt-active-pane-0 kt-accordion-block kt-pane-header-alignment-left kt-accodion-icon-style-none kt-accodion-icon-side-right\" style=\"max-width:none\"><div class=\"kt-accordion-inner-wrap\" data-allow-multiple-open=\"true\" data-start-open=\"none\">\n<div class=\"wp-block-kadence-pane kt-accordion-pane kt-accordion-pane-4 kt-pane285_d323f6-3c\"><div class=\"kt-accordion-header-wrap\"><button class=\"kt-blocks-accordion-header kt-acccordion-button-label-show\" type=\"button\"><span class=\"kt-blocks-accordion-title-wrap\"><span class=\"kt-blocks-accordion-title\">Textos pol\u00edtica de cookies<\/span><\/span><span class=\"kt-blocks-accordion-icon-trigger\"><\/span><\/button><\/div><div class=\"kt-accordion-panel kt-accordion-panel-hidden\"><div class=\"kt-accordion-panel-inner\"><style>.wp-block-kadence-advancedheading.kt-adv-heading285_d0f208-60, .wp-block-kadence-advancedheading.kt-adv-heading285_d0f208-60[data-kb-block=\"kb-adv-heading285_d0f208-60\"]{font-weight:400;font-style:normal;font-family:'Inter Tight';}.wp-block-kadence-advancedheading.kt-adv-heading285_d0f208-60 mark.kt-highlight, .wp-block-kadence-advancedheading.kt-adv-heading285_d0f208-60[data-kb-block=\"kb-adv-heading285_d0f208-60\"] mark.kt-highlight{font-style:normal;color:#f76a0c;-webkit-box-decoration-break:clone;box-decoration-break:clone;padding-top:0px;padding-right:0px;padding-bottom:0px;padding-left:0px;}.wp-block-kadence-advancedheading.kt-adv-heading285_d0f208-60 img.kb-inline-image, .wp-block-kadence-advancedheading.kt-adv-heading285_d0f208-60[data-kb-block=\"kb-adv-heading285_d0f208-60\"] img.kb-inline-image{width:150px;vertical-align:baseline;}<\/style>\n<p class=\"kt-adv-heading285_d0f208-60 wp-block-kadence-advancedheading\" data-kb-block=\"kb-adv-heading285_d0f208-60\">Este sitio web no utiliza cookies propias ni de terceros para la recopilaci\u00f3n de datos de los usuarios. Si en el futuro se llegara a implementar el uso de cookies, se informar\u00e1 debidamente y se solicitar\u00e1 el consentimiento del usuario conforme a la normativa vigente.<\/p>\n<\/div><\/div><\/div>\n<\/div><\/div><\/div>\n<\/div><\/div>\n\n<\/div><\/div>","protected":false},"excerpt":{"rendered":"<p>POL\u00cdTICA DE COOKIES<\/p>\n","protected":false},"author":2,"featured_media":0,"parent":0,"menu_order":0,"comment_status":"closed","ping_status":"closed","template":"","meta":{"footnotes":""},"categories":[],"tags":[],"class_list":["post-285","page","type-page","status-publish"],"yoast_head":"<!-- This site is optimized with the Yoast SEO plugin v27.2 - https:\/\/yoast.com\/product\/yoast-seo-wordpress\/ -->\n<title>Pol\u00edtica de cookies - Victoria Ovin | English<\/title>\n<meta name=\"robots\" content=\"noindex, nofollow\" \/>\n<meta property=\"og:locale\" content=\"en_US\" \/>\n<meta property=\"og:type\" content=\"article\" \/>\n<meta property=\"og:title\" content=\"Pol\u00edtica de cookies - Victoria Ovin | English\" \/>\n<meta property=\"og:description\" content=\"POL\u00cdTICA DE COOKIES\" \/>\n<meta property=\"og:url\" content=\"https:\/\/victoriaovin.com\/en\/politica-de-cookies\/\" \/>\n<meta property=\"og:site_name\" content=\"Victoria Ovin | English\" \/>\n<meta property=\"article:modified_time\" content=\"2025-03-16T12:12:21+00:00\" \/>\n<meta name=\"twitter:card\" content=\"summary_large_image\" \/>\n<meta name=\"twitter:label1\" content=\"Est. reading time\" \/>\n\t<meta name=\"twitter:data1\" content=\"1 minute\" \/>\n<script type=\"application\/ld+json\" class=\"yoast-schema-graph\">{\"@context\":\"https:\/\/schema.org\",\"@graph\":[{\"@type\":\"WebPage\",\"@id\":\"https:\/\/victoriaovin.com\/en\/politica-de-cookies\/\",\"url\":\"https:\/\/victoriaovin.com\/en\/politica-de-cookies\/\",\"name\":\"Pol\u00edtica de cookies - Victoria Ovin | English\",\"isPartOf\":{\"@id\":\"https:\/\/victoriaovin.com\/en\/#website\"},\"datePublished\":\"2025-03-14T12:01:47+00:00\",\"dateModified\":\"2025-03-16T12:12:21+00:00\",\"breadcrumb\":{\"@id\":\"https:\/\/victoriaovin.com\/en\/politica-de-cookies\/#breadcrumb\"},\"inLanguage\":\"en-US\",\"potentialAction\":[{\"@type\":\"ReadAction\",\"target\":[\"https:\/\/victoriaovin.com\/en\/politica-de-cookies\/\"]}]},{\"@type\":\"BreadcrumbList\",\"@id\":\"https:\/\/victoriaovin.com\/en\/politica-de-cookies\/#breadcrumb\",\"itemListElement\":[{\"@type\":\"ListItem\",\"position\":1,\"name\":\"Portada\",\"item\":\"https:\/\/victoriaovin.com\/en\/\"},{\"@type\":\"ListItem\",\"position\":2,\"name\":\"Pol\u00edtica de cookies\"}]},{\"@type\":\"WebSite\",\"@id\":\"https:\/\/victoriaovin.com\/en\/#website\",\"url\":\"https:\/\/victoriaovin.com\/en\/\",\"name\":\"Victoria Ovin | English\",\"description\":\"Estudio\",\"publisher\":{\"@id\":\"https:\/\/victoriaovin.com\/en\/#organization\"},\"potentialAction\":[{\"@type\":\"SearchAction\",\"target\":{\"@type\":\"EntryPoint\",\"urlTemplate\":\"https:\/\/victoriaovin.com\/en\/?s={search_term_string}\"},\"query-input\":{\"@type\":\"PropertyValueSpecification\",\"valueRequired\":true,\"valueName\":\"search_term_string\"}}],\"inLanguage\":\"en-US\"},{\"@type\":\"Organization\",\"@id\":\"https:\/\/victoriaovin.com\/en\/#organization\",\"name\":\"Victoria Ovin | English\",\"url\":\"https:\/\/victoriaovin.com\/en\/\",\"logo\":{\"@type\":\"ImageObject\",\"inLanguage\":\"en-US\",\"@id\":\"https:\/\/victoriaovin.com\/en\/#\/schema\/logo\/image\/\",\"url\":\"https:\/\/victoriaovin.com\/en\/wp-content\/uploads\/sites\/3\/2025\/03\/VO_Estudio.png\",\"contentUrl\":\"https:\/\/victoriaovin.com\/en\/wp-content\/uploads\/sites\/3\/2025\/03\/VO_Estudio.png\",\"width\":1556,\"height\":706,\"caption\":\"Victoria Ovin | English\"},\"image\":{\"@id\":\"https:\/\/victoriaovin.com\/en\/#\/schema\/logo\/image\/\"}}]}<\/script>\n<!-- \/ Yoast SEO plugin. -->","yoast_head_json":{"title":"Pol\u00edtica de cookies - Victoria Ovin | English","robots":{"index":"noindex","follow":"nofollow"},"og_locale":"en_US","og_type":"article","og_title":"Pol\u00edtica de cookies - Victoria Ovin | English","og_description":"POL\u00cdTICA DE COOKIES","og_url":"https:\/\/victoriaovin.com\/en\/politica-de-cookies\/","og_site_name":"Victoria Ovin | English","article_modified_time":"2025-03-16T12:12:21+00:00","twitter_card":"summary_large_image","twitter_misc":{"Est. reading time":"1 minute"},"schema":{"@context":"https:\/\/schema.org","@graph":[{"@type":"WebPage","@id":"https:\/\/victoriaovin.com\/en\/politica-de-cookies\/","url":"https:\/\/victoriaovin.com\/en\/politica-de-cookies\/","name":"Pol\u00edtica de cookies - Victoria Ovin | English","isPartOf":{"@id":"https:\/\/victoriaovin.com\/en\/#website"},"datePublished":"2025-03-14T12:01:47+00:00","dateModified":"2025-03-16T12:12:21+00:00","breadcrumb":{"@id":"https:\/\/victoriaovin.com\/en\/politica-de-cookies\/#breadcrumb"},"inLanguage":"en-US","potentialAction":[{"@type":"ReadAction","target":["https:\/\/victoriaovin.com\/en\/politica-de-cookies\/"]}]},{"@type":"BreadcrumbList","@id":"https:\/\/victoriaovin.com\/en\/politica-de-cookies\/#breadcrumb","itemListElement":[{"@type":"ListItem","position":1,"name":"Portada","item":"https:\/\/victoriaovin.com\/en\/"},{"@type":"ListItem","position":2,"name":"Pol\u00edtica de cookies"}]},{"@type":"WebSite","@id":"https:\/\/victoriaovin.com\/en\/#website","url":"https:\/\/victoriaovin.com\/en\/","name":"Victoria Ovin | English","description":"Estudio","publisher":{"@id":"https:\/\/victoriaovin.com\/en\/#organization"},"potentialAction":[{"@type":"SearchAction","target":{"@type":"EntryPoint","urlTemplate":"https:\/\/victoriaovin.com\/en\/?s={search_term_string}"},"query-input":{"@type":"PropertyValueSpecification","valueRequired":true,"valueName":"search_term_string"}}],"inLanguage":"en-US"},{"@type":"Organization","@id":"https:\/\/victoriaovin.com\/en\/#organization","name":"Victoria Ovin | English","url":"https:\/\/victoriaovin.com\/en\/","logo":{"@type":"ImageObject","inLanguage":"en-US","@id":"https:\/\/victoriaovin.com\/en\/#\/schema\/logo\/image\/","url":"https:\/\/victoriaovin.com\/en\/wp-content\/uploads\/sites\/3\/2025\/03\/VO_Estudio.png","contentUrl":"https:\/\/victoriaovin.com\/en\/wp-content\/uploads\/sites\/3\/2025\/03\/VO_Estudio.png","width":1556,"height":706,"caption":"Victoria Ovin | English"},"image":{"@id":"https:\/\/victoriaovin.com\/en\/#\/schema\/logo\/image\/"}}]}},"_links":{"self":[{"href":"https:\/\/victoriaovin.com\/en\/wp-json\/wp\/v2\/pages\/285","targetHints":{"allow":["GET"]}}],"collection":[{"href":"https:\/\/victoriaovin.com\/en\/wp-json\/wp\/v2\/pages"}],"about":[{"href":"https:\/\/victoriaovin.com\/en\/wp-json\/wp\/v2\/types\/page"}],"author":[{"embeddable":true,"href":"https:\/\/victoriaovin.com\/en\/wp-json\/wp\/v2\/users\/2"}],"replies":[{"embeddable":true,"href":"https:\/\/victoriaovin.com\/en\/wp-json\/wp\/v2\/comments?post=285"}],"version-history":[{"count":4,"href":"https:\/\/victoriaovin.com\/en\/wp-json\/wp\/v2\/pages\/285\/revisions"}],"predecessor-version":[{"id":317,"href":"https:\/\/victoriaovin.com\/en\/wp-json\/wp\/v2\/pages\/285\/revisions\/317"}],"wp:attachment":[{"href":"https:\/\/victoriaovin.com\/en\/wp-json\/wp\/v2\/media?parent=285"}],"wp:term":[{"taxonomy":"category","embeddable":true,"href":"https:\/\/victoriaovin.com\/en\/wp-json\/wp\/v2\/categories?post=285"},{"taxonomy":"post_tag","embeddable":true,"href":"https:\/\/victoriaovin.com\/en\/wp-json\/wp\/v2\/tags?post=285"}],"curies":[{"name":"wp","href":"https:\/\/api.w.org\/{rel}","templated":true}]}}